{"id":61,"date":"2025-05-20T09:03:56","date_gmt":"2025-05-20T09:03:56","guid":{"rendered":"https:\/\/karting360.com\/?page_id=61"},"modified":"2025-05-26T09:19:26","modified_gmt":"2025-05-26T09:19:26","slug":"campeonatos","status":"publish","type":"page","link":"https:\/\/karting360.com\/index.php\/campeonatos\/","title":{"rendered":"Campeonatos"},"content":{"rendered":"\n<div class=\"wp-block-essential-blocks-wrapper alignfull  root-eb-wrapper-de9be\"><div class=\"eb-parent-wrapper eb-parent-eb-wrapper-de9be \"><div class=\"eb-wrapper-outer eb-wrapper-de9be\"><div class=\"eb-wrapper-inner\"><div class=\"eb-wrapper-inner-blocks eb-wrapper-align-center\">\n<div class=\"wp-block-essential-blocks-row alignfull  root-eb-row-4km2f\"><div class=\"eb-parent-wrapper eb-parent-eb-row-4km2f \"><div class=\"eb-row-root-container eb-row-4km2f\" data-id=\"eb-row-4km2f\"><div class=\"eb-row-wrapper\"><div class=\"eb-row-inner\">\n<div class=\"wp-block-essential-blocks-column  root-eb-column-69kkm\"><div class=\"eb-parent-wrapper eb-parent-eb-column-69kkm \"><div class=\"eb-column-wrapper eb-column-69kkm\"><div class=\"eb-column-inner\">\n<div class=\"wp-block-essential-blocks-wrapper  root-eb-wrapper-u2wam\"><div class=\"eb-parent-wrapper eb-parent-eb-wrapper-u2wam \"><div class=\"eb-wrapper-outer eb-wrapper-u2wam\"><div class=\"eb-wrapper-inner\"><div class=\"eb-wrapper-inner-blocks eb-wrapper-align-right\">\n<div class=\"wp-block-essential-blocks-advanced-heading  root-eb-advance-heading-xfybs\"><div class=\"eb-parent-wrapper eb-parent-eb-advance-heading-xfybs \"><div class=\"eb-advance-heading-wrapper eb-advance-heading-xfybs button-1 undefined\" data-id=\"eb-advance-heading-xfybs\"><h2 class=\"eb-ah-title\"><span class=\"first-title\">Campeonatos<br><mark style=\"background-color:rgba(0, 0, 0, 0);color:#db1b45\" class=\"has-inline-color\">Top<\/mark>\u2018<mark style=\"background-color:rgba(0, 0, 0, 0);color:#db1b45\" class=\"has-inline-color\">2025<\/mark><\/span><\/h2><p class=\"eb-ah-subtitle\">Velocidad, estrategia y talento: descubre todo sobre los campeonatos <br>que definen a los verdaderos campeones del karting.<\/p><\/div><\/div><\/div>\n<\/div><\/div><\/div><\/div><\/div>\n<\/div><\/div><\/div><\/div>\n<\/div><\/div><\/div><\/div><\/div>\n<\/div><\/div><\/div><\/div><\/div>\n\n\n\n<div class=\"wp-block-essential-blocks-wrapper alignfull  root-eb-wrapper-iv0bm\"><div class=\"eb-parent-wrapper eb-parent-eb-wrapper-iv0bm \"><div class=\"eb-wrapper-outer eb-wrapper-iv0bm\"><div class=\"eb-wrapper-inner\"><div class=\"eb-wrapper-inner-blocks eb-wrapper-align-center\">\n<div class=\"wp-block-essential-blocks-advanced-heading  root-eb-advance-heading-w8o9p\"><div class=\"eb-parent-wrapper eb-parent-eb-advance-heading-w8o9p eb_animation eb___animated eb___fadeInDown\"><div class=\"eb-advance-heading-wrapper eb-advance-heading-w8o9p button-1 undefined\" data-id=\"eb-advance-heading-w8o9p\"><h2 class=\"eb-ah-title\"><span class=\"first-title\"><mark style=\"background-color:rgba(0, 0, 0, 0);color:#db1b45\" class=\"has-inline-color\">campeonatos<\/mark> 2025<\/span><\/h2><div class=\"eb-ah-separator line\"><\/div><\/div><\/div><\/div>\n\n\n\n<div class=\"wp-block-essential-blocks-advanced-heading  root-eb-advance-heading-j5ic9\"><div class=\"eb-parent-wrapper eb-parent-eb-advance-heading-j5ic9 eb_animation eb___animated eb___fadeInUp\"><div class=\"eb-advance-heading-wrapper eb-advance-heading-j5ic9 button-1 undefined\" data-id=\"eb-advance-heading-j5ic9\"><h2 class=\"eb-ah-title\"><span class=\"first-title\">La temporada 2025 arranca con fuerza. \u00bfEst\u00e1s listo?<\/span><\/h2><\/div><\/div><\/div>\n\n\n\n<div class=\"wp-block-essential-blocks-wrapper alignfull  root-eb-wrapper-3vramv5\"><div class=\"eb-parent-wrapper eb-parent-eb-wrapper-3vramv5 \"><div class=\"eb-wrapper-outer eb-wrapper-3vramv5\"><div class=\"eb-wrapper-inner\"><div class=\"eb-wrapper-inner-blocks eb-wrapper-align-center\">\n\n\n<a href=\"#\"><img decoding=\"async\" src=\"https:\/\/via.placeholder.com\/728x90?text=Anuncio+entre+noticias\" alt=\"Anuncio\"><\/a>\n\n\n<\/div><\/div><\/div><\/div><\/div>\n<\/div><\/div><\/div><\/div><\/div>\n\n\n\n<div class=\"wp-block-essential-blocks-wrapper alignfull  root-eb-wrapper-08a4nxi\"><div class=\"eb-parent-wrapper eb-parent-eb-wrapper-08a4nxi \"><div class=\"eb-wrapper-outer eb-wrapper-08a4nxi\"><div class=\"eb-wrapper-inner\"><div class=\"eb-wrapper-inner-blocks eb-wrapper-align-center\">\n<div class=\"wp-block-essential-blocks-row alignfull  root-eb-row-gdib7sr\"><div class=\"eb-parent-wrapper eb-parent-eb-row-gdib7sr \"><div class=\"eb-row-root-container eb-row-gdib7sr\" data-id=\"eb-row-gdib7sr\"><div class=\"eb-row-wrapper\"><div class=\"eb-row-inner\">\n<div class=\"wp-block-essential-blocks-column  root-eb-column-qqnv7g1\"><div class=\"eb-parent-wrapper eb-parent-eb-column-qqnv7g1 \"><div class=\"eb-column-wrapper eb-column-qqnv7g1\"><div class=\"eb-column-inner\">\n<div class=\"wp-block-essential-blocks-wrapper  root-eb-wrapper-hm1t4gz\"><div class=\"eb-parent-wrapper eb-parent-eb-wrapper-hm1t4gz \"><div class=\"eb-wrapper-outer eb-wrapper-hm1t4gz eb-wrapper-align-right\"><div class=\"eb-wrapper-inner\"><div class=\"eb-wrapper-inner-blocks\">\n<div class=\"wp-block-essential-blocks-advanced-heading  root-eb-advance-heading-wnusbx8\"><div class=\"eb-parent-wrapper eb-parent-eb-advance-heading-wnusbx8 eb_animation eb___animated eb___fadeInLeft\"><div class=\"eb-advance-heading-wrapper eb-advance-heading-wnusbx8 button-1 undefined\" data-id=\"eb-advance-heading-wnusbx8\"><h2 class=\"eb-ah-title\"><span class=\"first-title\"><mark style=\"background-color:rgba(0, 0, 0, 0);color:#db1b45\" class=\"has-inline-color\">Noticias Top<\/mark><br>de 2025 <\/span><\/h2><div class=\"eb-ah-separator line\"><\/div><\/div><\/div><\/div>\n\n\n\n<div class=\"wp-block-essential-blocks-advanced-heading  root-eb-advance-heading-hvp5qu6\"><div class=\"eb-parent-wrapper eb-parent-eb-advance-heading-hvp5qu6 eb_animation eb___animated eb___fadeInLeft\"><div class=\"eb-advance-heading-wrapper eb-advance-heading-hvp5qu6 button-1 undefined\" data-id=\"eb-advance-heading-hvp5qu6\"><h2 class=\"eb-ah-title\"><span class=\"first-title\">Mantente al d\u00eda con todo lo que ocurre en el mundo del karting. Aqu\u00ed encontrar\u00e1s las noticias m\u00e1s recientes, los eventos destacados y los momentos que est\u00e1n marcando la temporada. <br><br>Desde nuevos talentos hasta cambios en el reglamento, te lo contamos todo. Cubrimos tanto lo que pasa en la pista como lo que se vive fuera de ella. Si te apasiona el karting, esta secci\u00f3n es tu fuente confiable de informaci\u00f3n. Haz clic abajo y no te pierdas ninguna novedad.<\/span><\/h2><\/div><\/div><\/div>\n\n\n\n<div class=\"wp-block-essential-blocks-button  root-eb-button-14knosc\"><div class=\"eb-parent-wrapper eb-parent-eb-button-14knosc eb_animation eb___animated eb___fadeInUp\"><div class=\"eb-button-wrapper eb-button-alignment eb-button-14knosc\"><div class=\"eb-button\"><div class=\"eb-button-inner-wrapper \"><a class=\"eb-button-anchor \" href=\"\" rel=\"noopener\">\u00a1Quiero Verlas!<\/a><\/div><\/div><\/div><\/div><\/div>\n\n\n\n<div class=\"wp-block-essential-blocks-advanced-heading  root-eb-advance-heading-p7cca01\"><div class=\"eb-parent-wrapper eb-parent-eb-advance-heading-p7cca01 \"><div class=\"eb-advance-heading-wrapper eb-advance-heading-p7cca01 button-1 undefined\" data-id=\"eb-advance-heading-p7cca01\"><h2 class=\"eb-ah-title\"><span class=\"first-title\">2k25<\/span><\/h2><\/div><\/div><\/div>\n<\/div><\/div><\/div><\/div><\/div>\n<\/div><\/div><\/div><\/div>\n\n\n\n<div class=\"wp-block-essential-blocks-column  root-eb-column-au78vgo\"><div class=\"eb-parent-wrapper eb-parent-eb-column-au78vgo \"><div class=\"eb-column-wrapper eb-column-au78vgo\"><div class=\"eb-column-inner\">\n<div class=\"wp-block-essential-blocks-advanced-image  root-eb-advanced-image-fx7nave\"><div class=\"eb-parent-wrapper eb-parent-eb-advanced-image-fx7nave eb_animation eb___animated eb___zoomIn\"><figure class=\"eb-advanced-image-wrapper eb-advanced-image-fx7nave img-style-rounded caption-style-1 caption-horizontal-center caption-vertical-bottom bottom no-effect\" data-id=\"eb-advanced-image-fx7nave\"><div class=\"image-wrapper\"><img decoding=\"async\" src=\"https:\/\/karting360.com\/wp-content\/uploads\/2025\/05\/kart4.png\" alt=\"\"\/><\/div><\/figure><\/div><\/div>\n<\/div><\/div><\/div><\/div>\n<\/div><\/div><\/div><\/div><\/div>\n<\/div><\/div><\/div><\/div><\/div>\n\n\n\n<div class=\"wp-block-essential-blocks-wrapper alignfull  root-eb-wrapper-cfbrf\"><div class=\"eb-parent-wrapper eb-parent-eb-wrapper-cfbrf \"><div class=\"eb-wrapper-outer eb-wrapper-cfbrf\"><div class=\"eb-wrapper-inner\"><div class=\"eb-wrapper-inner-blocks eb-wrapper-align-center\">\n<div class=\"wp-block-essential-blocks-wrapper alignfull  root-eb-wrapper-p8pvj\"><div class=\"eb-parent-wrapper eb-parent-eb-wrapper-p8pvj eb_animation eb___animated eb___zoomIn\"><div class=\"eb-wrapper-outer eb-wrapper-p8pvj\"><div class=\"eb-wrapper-inner\"><div class=\"eb-wrapper-inner-blocks eb-wrapper-align-center\">\n<div class=\"wp-block-essential-blocks-advanced-heading  root-eb-advance-heading-vnn50\" id=\"subscription_section\"><div class=\"eb-parent-wrapper eb-parent-eb-advance-heading-vnn50 \"><div class=\"eb-advance-heading-wrapper eb-advance-heading-vnn50 button-1 undefined\" data-id=\"eb-advance-heading-vnn50\"><h2 class=\"eb-ah-title\"><span class=\"first-title\"><mark style=\"background-color:rgba(0, 0, 0, 0);color:#db1b45\" class=\"has-inline-color\">Suscr\u00edbete<\/mark> a nuestro bolet\u00edn<\/span><\/h2><div class=\"eb-ah-separator line\"><\/div><\/div><\/div><\/div>\n\n\n\n<div class=\"wp-block-essential-blocks-advanced-heading  root-eb-advance-heading-prcyw\"><div class=\"eb-parent-wrapper eb-parent-eb-advance-heading-prcyw \"><div class=\"eb-advance-heading-wrapper eb-advance-heading-prcyw button-1 undefined\" data-id=\"eb-advance-heading-prcyw\"><h2 class=\"eb-ah-title\"><span class=\"first-title\">Recibe las \u00faltimas noticias de karting directamente en tu correo.<\/span><\/h2><\/div><\/div><\/div>\n\n\n<\/div><\/div><\/div><\/div><\/div>\n<\/div><\/div><\/div><\/div><\/div>\n","protected":false},"excerpt":{"rendered":"","protected":false},"author":1,"featured_media":0,"parent":0,"menu_order":0,"comment_status":"closed","ping_status":"closed","template":"","meta":{"footnotes":""},"class_list":["post-61","page","type-page","status-publish","hentry"],"_links":{"self":[{"href":"https:\/\/karting360.com\/index.php\/wp-json\/wp\/v2\/pages\/61","targetHints":{"allow":["GET"]}}],"collection":[{"href":"https:\/\/karting360.com\/index.php\/wp-json\/wp\/v2\/pages"}],"about":[{"href":"https:\/\/karting360.com\/index.php\/wp-json\/wp\/v2\/types\/page"}],"author":[{"embeddable":true,"href":"https:\/\/karting360.com\/index.php\/wp-json\/wp\/v2\/users\/1"}],"replies":[{"embeddable":true,"href":"https:\/\/karting360.com\/index.php\/wp-json\/wp\/v2\/comments?post=61"}],"version-history":[{"count":20,"href":"https:\/\/karting360.com\/index.php\/wp-json\/wp\/v2\/pages\/61\/revisions"}],"predecessor-version":[{"id":2103,"href":"https:\/\/karting360.com\/index.php\/wp-json\/wp\/v2\/pages\/61\/revisions\/2103"}],"wp:attachment":[{"href":"https:\/\/karting360.com\/index.php\/wp-json\/wp\/v2\/media?parent=61"}],"curies":[{"name":"wp","href":"https:\/\/api.w.org\/{rel}","templated":true}]}}